{"id":79,"date":"2020-06-27T02:19:33","date_gmt":"2020-06-27T02:19:33","guid":{"rendered":"http:\/\/iw-berlin.de\/?page_id=79"},"modified":"2023-10-19T15:58:41","modified_gmt":"2023-10-19T15:58:41","slug":"ihre-personalanfrage","status":"publish","type":"page","link":"https:\/\/iw-berlin.de\/?page_id=79","title":{"rendered":"Ihre Personalanfrage"},"content":{"rendered":"<p>[et_pb_section fb_built=&#8220;1&#8243; fullwidth=&#8220;on&#8220; admin_label=&#8220;Hero Section&#8220; _builder_version=&#8220;3.22&#8243; background_image=&#8220;https:\/\/iw-berlin.de\/wp-content\/uploads\/2020\/06\/law-firm-26.jpg&#8220; parallax=&#8220;on&#8220; custom_padding=&#8220;|||&#8220;][et_pb_fullwidth_header title=&#8220;DER EINFACHSTE WEG, Mitarbeiter zu finden&#8220; subhead=&#8220;IW BERLIN &#8211; Personalanfrage&#8220; content_max_width=&#8220;900px&#8220; _builder_version=&#8220;4.9.10&#8243; title_font=&#8220;Poppins|600||on|||||&#8220; title_font_size=&#8220;18px&#8220; title_letter_spacing=&#8220;4px&#8220; title_line_height=&#8220;1.8em&#8220; content_font=&#8220;||||||||&#8220; subhead_font=&#8220;Raleway|700|||||||&#8220; subhead_font_size=&#8220;50px&#8220; subhead_line_height=&#8220;1.4em&#8220; background_color=&#8220;rgba(126,190,197,0)&#8220; use_background_color_gradient=&#8220;on&#8220; background_color_gradient_start=&#8220;#000dff&#8220; background_color_gradient_end=&#8220;rgba(0,13,255,0.7)&#8220; background_color_gradient_direction=&#8220;90deg&#8220; background_color_gradient_start_position=&#8220;25%&#8220; background_color_gradient_end_position=&#8220;75%&#8220; background_color_gradient_overlays_image=&#8220;on&#8220; custom_button_one=&#8220;on&#8220; button_one_text_size=&#8220;14px&#8220; button_one_bg_color=&#8220;#29cb8b&#8220; button_one_border_width=&#8220;12px&#8220; button_one_border_color=&#8220;#29cb8b&#8220; button_one_letter_spacing=&#8220;2px&#8220; button_one_font=&#8220;Poppins|600||on|||||&#8220; button_one_icon=&#8220;%%3%%&#8220; custom_button_two=&#8220;on&#8220; button_two_text_size=&#8220;14px&#8220; button_two_text_color=&#8220;#29cb8b&#8220; button_two_bg_color=&#8220;#ffffff&#8220; button_two_border_width=&#8220;12px&#8220; button_two_border_color=&#8220;#ffffff&#8220; button_two_letter_spacing=&#8220;2px&#8220; button_two_font=&#8220;Poppins|600||on|||||&#8220; button_two_icon=&#8220;%%3%%&#8220; custom_padding=&#8220;95px||5vw|||&#8220; hover_enabled=&#8220;0&#8243; content_font_size_last_edited=&#8220;off|desktop&#8220; subhead_font_size_tablet=&#8220;40px&#8220; subhead_font_size_phone=&#8220;30px&#8220; subhead_font_size_last_edited=&#8220;on|desktop&#8220; button_one_letter_spacing_hover=&#8220;2px&#8220; button_two_letter_spacing_hover=&#8220;2px&#8220; button_one_text_size__hover_enabled=&#8220;off&#8220; button_two_text_size__hover_enabled=&#8220;off&#8220; button_one_text_color__hover_enabled=&#8220;off&#8220; button_two_text_color__hover_enabled=&#8220;off&#8220; button_one_border_width__hover_enabled=&#8220;off&#8220; button_two_border_width__hover_enabled=&#8220;off&#8220; button_one_border_color__hover_enabled=&#8220;off&#8220; button_two_border_color__hover_enabled=&#8220;off&#8220; button_one_border_radius__hover_enabled=&#8220;off&#8220; button_two_border_radius__hover_enabled=&#8220;off&#8220; button_one_letter_spacing__hover_enabled=&#8220;on&#8220; button_one_letter_spacing__hover=&#8220;2px&#8220; button_two_letter_spacing__hover_enabled=&#8220;on&#8220; button_two_letter_spacing__hover=&#8220;2px&#8220; button_one_bg_color__hover_enabled=&#8220;off&#8220; button_two_bg_color__hover_enabled=&#8220;off&#8220; sticky_enabled=&#8220;0&#8243;]<\/p>\n<p>&nbsp;<\/p>\n<h2><strong><span style=\"color: #ff0000;\">F\u00f6rderung: \u00fcber AVGS 100 % f\u00f6rderbar\u00a0<\/span><\/strong><\/h2>\n<h5 style=\"text-align: left;\"><span style=\"color: #ff0000;\"><strong>(Aktivierungs- und Vermittlungsgutschein der Agentur f\u00fcr Arbeit \/des Jobcenters)<\/strong><\/span><\/h5>\n<p>[\/et_pb_fullwidth_header][\/et_pb_section][et_pb_section fb_built=&#8220;1&#8243; admin_label=&#8220;Contact Form Section&#8220; _builder_version=&#8220;3.22&#8243; background_color=&#8220;#f1f5f9&#8243; max_width=&#8220;96%&#8220; module_alignment=&#8220;right&#8220; min_height=&#8220;738px&#8220; custom_margin=&#8220;46px||-15px|||&#8220; custom_padding=&#8220;38px||0vw|||&#8220;][et_pb_row _builder_version=&#8220;3.25&#8243; custom_padding=&#8220;|||&#8220; locked=&#8220;off&#8220;][et_pb_column type=&#8220;4_4&#8243; saved_specialty_column_type=&#8220;2_3&#8243; _builder_version=&#8220;3.25&#8243; custom_padding=&#8220;|||&#8220; custom_padding__hover=&#8220;|||&#8220;][et_pb_divider color=&#8220;#29cb8b&#8220; divider_weight=&#8220;3px&#8220; _builder_version=&#8220;3.2&#8243; max_width=&#8220;50px&#8220;][\/et_pb_divider][\/et_pb_column][\/et_pb_row][et_pb_row column_structure=&#8220;1_2,1_2&#8243; _builder_version=&#8220;4.4.7&#8243; custom_margin=&#8220;|||&#8220; custom_width_px=&#8220;750px&#8220;][et_pb_column type=&#8220;1_2&#8243; _builder_version=&#8220;3.25&#8243; custom_padding=&#8220;|||&#8220; custom_padding__hover=&#8220;|||&#8220;][et_pb_contact_form captcha=&#8220;off&#8220; submit_button_text=&#8220;Absenden&#8220; module_id=&#8220;et_pb_contact_form_0&#8243; _builder_version=&#8220;4.4.7&#8243; form_field_background_color=&#8220;#ffffff&#8220; form_field_font=&#8220;Poppins||||||||&#8220; form_field_font_size=&#8220;16px&#8220; custom_button=&#8220;on&#8220; button_text_size=&#8220;14px&#8220; button_text_color=&#8220;#ffffff&#8220; button_bg_color=&#8220;#29cb8b&#8220; button_border_width=&#8220;12px&#8220; button_border_color=&#8220;#29cb8b&#8220; button_letter_spacing=&#8220;2px&#8220; button_font=&#8220;Poppins|600||on|||||&#8220; button_icon=&#8220;%%3%%&#8220; border_radii=&#8220;on|3px|3px|3px|3px&#8220; form_background_color=&#8220;#ffffff&#8220;][et_pb_contact_field field_id=&#8220;T\u00e4tigkeit&#8220; field_title=&#8220;T\u00e4tigkeit&#8220; fullwidth_field=&#8220;on&#8220; _builder_version=&#8220;4.4.7&#8243; button_text_size__hover_enabled=&#8220;off&#8220; button_one_text_size__hover_enabled=&#8220;off&#8220; button_two_text_size__hover_enabled=&#8220;off&#8220; button_text_color__hover_enabled=&#8220;off&#8220; button_one_text_color__hover_enabled=&#8220;off&#8220; button_two_text_color__hover_enabled=&#8220;off&#8220; button_border_width__hover_enabled=&#8220;off&#8220; button_one_border_width__hover_enabled=&#8220;off&#8220; button_two_border_width__hover_enabled=&#8220;off&#8220; button_border_color__hover_enabled=&#8220;off&#8220; button_one_border_color__hover_enabled=&#8220;off&#8220; button_two_border_color__hover_enabled=&#8220;off&#8220; button_border_radius__hover_enabled=&#8220;off&#8220; button_one_border_radius__hover_enabled=&#8220;off&#8220; button_two_border_radius__hover_enabled=&#8220;off&#8220; button_letter_spacing__hover_enabled=&#8220;off&#8220; button_one_letter_spacing__hover_enabled=&#8220;off&#8220; button_two_letter_spacing__hover_enabled=&#8220;off&#8220; button_bg_color__hover_enabled=&#8220;off&#8220; button_one_bg_color__hover_enabled=&#8220;off&#8220; button_two_bg_color__hover_enabled=&#8220;off&#8220;][\/et_pb_contact_field][et_pb_contact_field field_id=&#8220;Gew\u00fcnschte_Qualifikation_und_Kenntnisse&#8220; field_title=&#8220;Gew\u00fcnschte Qualifikation und Kenntnisse&#8220; field_type=&#8220;text&#8220; fullwidth_field=&#8220;on&#8220; _builder_version=&#8220;4.4.7&#8243; button_text_size__hover_enabled=&#8220;off&#8220; button_one_text_size__hover_enabled=&#8220;off&#8220; button_two_text_size__hover_enabled=&#8220;off&#8220; button_text_color__hover_enabled=&#8220;off&#8220; button_one_text_color__hover_enabled=&#8220;off&#8220; button_two_text_color__hover_enabled=&#8220;off&#8220; button_border_width__hover_enabled=&#8220;off&#8220; button_one_border_width__hover_enabled=&#8220;off&#8220; button_two_border_width__hover_enabled=&#8220;off&#8220; button_border_color__hover_enabled=&#8220;off&#8220; button_one_border_color__hover_enabled=&#8220;off&#8220; button_two_border_color__hover_enabled=&#8220;off&#8220; button_border_radius__hover_enabled=&#8220;off&#8220; button_one_border_radius__hover_enabled=&#8220;off&#8220; button_two_border_radius__hover_enabled=&#8220;off&#8220; button_letter_spacing__hover_enabled=&#8220;off&#8220; button_one_letter_spacing__hover_enabled=&#8220;off&#8220; button_two_letter_spacing__hover_enabled=&#8220;off&#8220; button_bg_color__hover_enabled=&#8220;off&#8220; button_one_bg_color__hover_enabled=&#8220;off&#8220; button_two_bg_color__hover_enabled=&#8220;off&#8220;][\/et_pb_contact_field][et_pb_contact_field field_id=&#8220;Einsatzort_\/_Einsatzgebiet&#8220; field_title=&#8220;Einsatzort \/ Einsatzgebiet &#8220; fullwidth_field=&#8220;on&#8220; _builder_version=&#8220;4.4.7&#8243;][\/et_pb_contact_field][et_pb_contact_field field_id=&#8220;Beginn_der_Besch\u00e4ftigung&#8220; field_title=&#8220;Beginn der Besch\u00e4ftigung&#8220; fullwidth_field=&#8220;on&#8220; _builder_version=&#8220;4.4.7&#8243;][\/et_pb_contact_field][et_pb_contact_field field_id=&#8220;Vollzeit_\/_Teilzeit&#8220; field_title=&#8220;Vollzeit \/ Teilzeit&#8220; field_type=&#8220;checkbox&#8220; checkbox_options=&#8220;%91{%22value%22:%22Vollzeit %22,%22checked%22:0,%22dragID%22:-1},{%22value%22:%22Teilzeit%22,%22checked%22:0,%22dragID%22:0},{%22value%22:%22Vollzeit + Teilzeit%22,%22checked%22:0,%22dragID%22:1}%93&#8243; fullwidth_field=&#8220;on&#8220; _builder_version=&#8220;4.4.7&#8243;][\/et_pb_contact_field][et_pb_contact_field field_id=&#8220;w\u00f6chentliche_Arbeitszeit&#8220; field_title=&#8220;w\u00f6chentliche Arbeitszeit&#8220; fullwidth_field=&#8220;on&#8220; _builder_version=&#8220;4.4.7&#8243;][\/et_pb_contact_field][et_pb_contact_field field_id=&#8220;Schichtarbeit&#8220; field_title=&#8220;Schichtarbeit&#8220; field_type=&#8220;checkbox&#8220; checkbox_options=&#8220;%91{%22value%22:%22Ja%22,%22checked%22:0,%22dragID%22:-1},{%22value%22:%22Nein%22,%22checked%22:0,%22dragID%22:0}%93&#8243; fullwidth_field=&#8220;on&#8220; _builder_version=&#8220;4.4.7&#8243;][\/et_pb_contact_field][et_pb_contact_field field_id=&#8220;Anzahl_der_ben\u00f6tigten_Mitarbeiter&#8220; field_title=&#8220;Anzahl der ben\u00f6tigten Mitarbeiter&#8220; fullwidth_field=&#8220;on&#8220; _builder_version=&#8220;4.4.7&#8243;][\/et_pb_contact_field][et_pb_contact_field field_id=&#8220;Ihr_Unternehmen&#8220; field_title=&#8220;Ihr Unternehmen&#8220; fullwidth_field=&#8220;on&#8220; _builder_version=&#8220;4.4.7&#8243;][\/et_pb_contact_field][et_pb_contact_field field_id=&#8220;Ansprechpartner&#8220; field_title=&#8220;Ansprechpartner&#8220; fullwidth_field=&#8220;on&#8220; _builder_version=&#8220;4.4.7&#8243;][\/et_pb_contact_field][et_pb_contact_field field_id=&#8220;Stra\u00dfe_\/_HNr&#8220; field_title=&#8220;Stra\u00dfe \/ HNr&#8220; fullwidth_field=&#8220;on&#8220; _builder_version=&#8220;4.4.7&#8243;][\/et_pb_contact_field][et_pb_contact_field field_id=&#8220;PLZ_\/_Ort&#8220; field_title=&#8220;PLZ \/ Ort&#8220; fullwidth_field=&#8220;on&#8220; _builder_version=&#8220;4.4.7&#8243;][\/et_pb_contact_field][et_pb_contact_field field_id=&#8220;E-Mail&#8220; field_title=&#8220;E-Mail&#8220; fullwidth_field=&#8220;on&#8220; _builder_version=&#8220;4.4.7&#8243;][\/et_pb_contact_field][\/et_pb_contact_form][\/et_pb_column][et_pb_column type=&#8220;1_2&#8243; _builder_version=&#8220;3.25&#8243; custom_padding=&#8220;|||&#8220; custom_padding__hover=&#8220;|||&#8220;][et_pb_image src=&#8220;https:\/\/iw-berlin.de\/wp-content\/uploads\/2023\/03\/Logo_InclusiveWork_FINAL.gif.gif&#8220; title_text=&#8220;Logo_InclusiveWork_FINAL.gif&#8220; _builder_version=&#8220;4.9.10&#8243; width=&#8220;86%&#8220; max_width=&#8220;100%&#8220; custom_margin=&#8220;||15px|&#8220; always_center_on_mobile=&#8220;off&#8220;][\/et_pb_image][\/et_pb_column][\/et_pb_row][\/et_pb_section][et_pb_section fb_built=&#8220;1&#8243; admin_label=&#8220;Footer&#8220; _builder_version=&#8220;3.22&#8243; custom_padding=&#8220;60px||60px||true|false&#8220; saved_tabs=&#8220;all&#8220;][et_pb_row column_structure=&#8220;1_3,1_3,1_3&#8243; _builder_version=&#8220;4.4.7&#8243;][et_pb_column type=&#8220;1_3&#8243; _builder_version=&#8220;3.25&#8243; custom_padding=&#8220;|||&#8220; custom_padding__hover=&#8220;|||&#8220;][et_pb_text _builder_version=&#8220;4.4.7&#8243; header_font=&#8220;||||||||&#8220; header_4_font=&#8220;Raleway|700|||||||&#8220; header_4_font_size=&#8220;22px&#8220; header_4_line_height=&#8220;1.4em&#8220; custom_margin=&#8220;||10px|&#8220;]<\/p>\n<h4>\u00d6ffnungszeiten:\u00a0<\/h4>\n<p>[\/et_pb_text][et_pb_text _builder_version=&#8220;4.4.7&#8243; text_font=&#8220;Poppins||||||||&#8220; text_font_size=&#8220;16px&#8220; text_line_height=&#8220;1.6em&#8220;]<\/p>\n<p>Mo. \u2013 Fr.: 08 \u2013 17 Uhr<\/p>\n<p>Tel.: +49 30 517 336 34<\/p>\n<p>Fax: +49 30 530 194 08<\/p>\n<p><a href=\"http:\/\/www.iw-berlin.de\"><\/a><\/p>\n<p>[\/et_pb_text][\/et_pb_column][et_pb_column type=&#8220;1_3&#8243; _builder_version=&#8220;3.25&#8243; custom_padding=&#8220;|||&#8220; custom_padding__hover=&#8220;|||&#8220;][et_pb_text _builder_version=&#8220;4.4.7&#8243; header_font=&#8220;||||||||&#8220; header_4_font=&#8220;Raleway|700|||||||&#8220; header_4_font_size=&#8220;22px&#8220; header_4_line_height=&#8220;1.4em&#8220; custom_margin=&#8220;||10px|&#8220;]<\/p>\n<h4>Standort<\/h4>\n<p>[\/et_pb_text][et_pb_text _builder_version=&#8220;4.4.7&#8243; text_font=&#8220;Poppins||||||||&#8220; text_font_size=&#8220;16px&#8220; text_line_height=&#8220;1.6em&#8220;]<\/p>\n<p>Inclusive Work Berlin\u00a0\u00a0<\/p>\n<p>Marienfelder Allee 18<\/p>\n<p>12277 Berlin<\/p>\n<p>[\/et_pb_text][\/et_pb_column][et_pb_column type=&#8220;1_3&#8243; _builder_version=&#8220;4.4.7&#8243;][et_pb_text _builder_version=&#8220;4.4.7&#8243; header_font=&#8220;||||||||&#8220; header_4_font=&#8220;Raleway|700|||||||&#8220; header_4_font_size=&#8220;22px&#8220; header_4_line_height=&#8220;1.4em&#8220; custom_margin=&#8220;||10px|&#8220;]<\/p>\n<h4>Leitung<\/h4>\n<p>[\/et_pb_text][et_pb_text _builder_version=&#8220;4.4.7&#8243; text_font=&#8220;Poppins||||||||&#8220; text_font_size=&#8220;16px&#8220; text_line_height=&#8220;1.6em&#8220;]<\/p>\n<p>Inh. Ismail Tekin<\/p>\n<p><a href=\"mailto:info@iw-berlin.de\">info@iw-berlin.de<\/a><\/p>\n<p>&nbsp;<\/p>\n<p>[\/et_pb_text][\/et_pb_column][\/et_pb_row][\/et_pb_section]<\/p>\n","protected":false},"excerpt":{"rendered":"<p>&nbsp; F\u00f6rderung: \u00fcber AVGS 100 % f\u00f6rderbar\u00a0 (Aktivierungs- und Vermittlungsgutschein der Agentur f\u00fcr Arbeit \/des Jobcenters)\u00d6ffnungszeiten:\u00a0Mo. \u2013 Fr.: 08 \u2013 17 Uhr Tel.: +49 30 517 336 34 Fax: +49 30 530 194 08 StandortInclusive Work Berlin\u00a0\u00a0 Marienfelder Allee 18 12277 BerlinLeitungInh. Ismail Tekin info@iw-berlin.de &nbsp;<\/p>\n","protected":false},"author":1,"featured_media":0,"parent":0,"menu_order":0,"comment_status":"closed","ping_status":"closed","template":"","meta":{"_et_pb_use_builder":"on","_et_pb_old_content":"","_et_gb_content_width":"","footnotes":""},"class_list":["post-79","page","type-page","status-publish","hentry"],"_links":{"self":[{"href":"https:\/\/iw-berlin.de\/index.php?rest_route=\/wp\/v2\/pages\/79","targetHints":{"allow":["GET"]}}],"collection":[{"href":"https:\/\/iw-berlin.de\/index.php?rest_route=\/wp\/v2\/pages"}],"about":[{"href":"https:\/\/iw-berlin.de\/index.php?rest_route=\/wp\/v2\/types\/page"}],"author":[{"embeddable":true,"href":"https:\/\/iw-berlin.de\/index.php?rest_route=\/wp\/v2\/users\/1"}],"replies":[{"embeddable":true,"href":"https:\/\/iw-berlin.de\/index.php?rest_route=%2Fwp%2Fv2%2Fcomments&post=79"}],"version-history":[{"count":9,"href":"https:\/\/iw-berlin.de\/index.php?rest_route=\/wp\/v2\/pages\/79\/revisions"}],"predecessor-version":[{"id":823,"href":"https:\/\/iw-berlin.de\/index.php?rest_route=\/wp\/v2\/pages\/79\/revisions\/823"}],"wp:attachment":[{"href":"https:\/\/iw-berlin.de\/index.php?rest_route=%2Fwp%2Fv2%2Fmedia&parent=79"}],"curies":[{"name":"wp","href":"https:\/\/api.w.org\/{rel}","templated":true}]}}